{"id":13184,"date":"2026-02-10T10:05:39","date_gmt":"2026-02-10T02:05:39","guid":{"rendered":"https:\/\/ruidapacking.com\/?post_type=product&#038;p=13184"},"modified":"2026-02-10T18:25:12","modified_gmt":"2026-02-10T10:25:12","slug":"high-speed-flow-wrapper","status":"publish","type":"product","link":"https:\/\/ruidapacking.com\/fr\/product\/high-speed-flow-wrapper\/","title":{"rendered":"Enveloppeuse \u00e0 flux \u00e0 grande vitesse"},"content":{"rendered":"","protected":false},"excerpt":{"rendered":"<p>Les emballeuses \u00e0 flux \u00e0 grande vitesse offrent un emballage rapide et efficace, r\u00e9duisent les co\u00fbts de main-d&#039;\u0153uvre, am\u00e9liorent la coh\u00e9rence et augmentent la production pour les op\u00e9rations \u00e0 volume \u00e9lev\u00e9.<\/p>","protected":false},"featured_media":13185,"template":"","meta":{"_sitemap_exclude":false,"_sitemap_priority":"","_sitemap_frequency":""},"product_categories":[41],"class_list":["post-13184","product","type-product","status-publish","has-post-thumbnail","hentry","product_categories-all-blister-packing-machine"],"acf":[],"_links":{"self":[{"href":"https:\/\/ruidapacking.com\/fr\/wp-json\/wp\/v2\/product\/13184","targetHints":{"allow":["GET"]}}],"collection":[{"href":"https:\/\/ruidapacking.com\/fr\/wp-json\/wp\/v2\/product"}],"about":[{"href":"https:\/\/ruidapacking.com\/fr\/wp-json\/wp\/v2\/types\/product"}],"wp:featuredmedia":[{"embeddable":true,"href":"https:\/\/ruidapacking.com\/fr\/wp-json\/wp\/v2\/media\/13185"}],"wp:attachment":[{"href":"https:\/\/ruidapacking.com\/fr\/wp-json\/wp\/v2\/media?parent=13184"}],"wp:term":[{"taxonomy":"product_categories","embeddable":true,"href":"https:\/\/ruidapacking.com\/fr\/wp-json\/wp\/v2\/product_categories?post=13184"}],"curies":[{"name":"wp","href":"https:\/\/api.w.org\/{rel}","templated":true}]}}