{"id":13182,"date":"2025-01-13T21:17:17","date_gmt":"2025-01-13T13:17:17","guid":{"rendered":"https:\/\/ruidapacking.com\/?post_type=product&#038;p=13182"},"modified":"2025-01-13T21:17:19","modified_gmt":"2025-01-13T13:17:19","slug":"ccd-camera-detection-visual-counting-machine","status":"publish","type":"product","link":"https:\/\/ruidapacking.com\/fr\/product\/ccd-camera-detection-visual-counting-machine\/","title":{"rendered":"Machine de comptage visuel de d\u00e9tection de cam\u00e9ra CCD"},"content":{"rendered":"","protected":false},"excerpt":{"rendered":"<p>La machine de comptage visuel de d\u00e9tection de cam\u00e9ra CCD a un taux de pr\u00e9cision de 100% et une d\u00e9tection de cam\u00e9ra CCD, qui peut rejeter des mat\u00e9riaux de diff\u00e9rentes couleurs et tailles.<\/p>","protected":false},"featured_media":13183,"template":"","meta":{"_sitemap_exclude":false,"_sitemap_priority":"","_sitemap_frequency":""},"product_categories":[42],"class_list":["post-13182","product","type-product","status-publish","has-post-thumbnail","hentry","product_categories-all-automatic-counting-machine"],"acf":[],"_links":{"self":[{"href":"https:\/\/ruidapacking.com\/fr\/wp-json\/wp\/v2\/product\/13182","targetHints":{"allow":["GET"]}}],"collection":[{"href":"https:\/\/ruidapacking.com\/fr\/wp-json\/wp\/v2\/product"}],"about":[{"href":"https:\/\/ruidapacking.com\/fr\/wp-json\/wp\/v2\/types\/product"}],"wp:featuredmedia":[{"embeddable":true,"href":"https:\/\/ruidapacking.com\/fr\/wp-json\/wp\/v2\/media\/13183"}],"wp:attachment":[{"href":"https:\/\/ruidapacking.com\/fr\/wp-json\/wp\/v2\/media?parent=13182"}],"wp:term":[{"taxonomy":"product_categories","embeddable":true,"href":"https:\/\/ruidapacking.com\/fr\/wp-json\/wp\/v2\/product_categories?post=13182"}],"curies":[{"name":"wp","href":"https:\/\/api.w.org\/{rel}","templated":true}]}}