{"id":12813,"date":"2024-12-06T17:02:33","date_gmt":"2024-12-06T09:02:33","guid":{"rendered":"https:\/\/ruidapacking.com\/?post_type=product&#038;p=12813"},"modified":"2024-12-24T17:59:20","modified_gmt":"2024-12-24T09:59:20","slug":"capsule-bottling-line","status":"publish","type":"product","link":"https:\/\/ruidapacking.com\/fr\/product\/capsule-bottling-line\/","title":{"rendered":"Ligne d&#039;embouteillage de capsules"},"content":{"rendered":"","protected":false},"excerpt":{"rendered":"<p>Ligne d&#039;embouteillage de capsules con\u00e7ue pour compter, remplir et conditionner les capsules en bouteilles. Elle int\u00e8gre plusieurs machines pour garantir un embouteillage efficace et pr\u00e9cis.<\/p>","protected":false},"featured_media":10837,"template":"","meta":{"_sitemap_exclude":false,"_sitemap_priority":"","_sitemap_frequency":""},"product_categories":[42],"class_list":["post-12813","product","type-product","status-publish","has-post-thumbnail","hentry","product_categories-all-automatic-counting-machine"],"acf":[],"_links":{"self":[{"href":"https:\/\/ruidapacking.com\/fr\/wp-json\/wp\/v2\/product\/12813","targetHints":{"allow":["GET"]}}],"collection":[{"href":"https:\/\/ruidapacking.com\/fr\/wp-json\/wp\/v2\/product"}],"about":[{"href":"https:\/\/ruidapacking.com\/fr\/wp-json\/wp\/v2\/types\/product"}],"wp:featuredmedia":[{"embeddable":true,"href":"https:\/\/ruidapacking.com\/fr\/wp-json\/wp\/v2\/media\/10837"}],"wp:attachment":[{"href":"https:\/\/ruidapacking.com\/fr\/wp-json\/wp\/v2\/media?parent=12813"}],"wp:term":[{"taxonomy":"product_categories","embeddable":true,"href":"https:\/\/ruidapacking.com\/fr\/wp-json\/wp\/v2\/product_categories?post=12813"}],"curies":[{"name":"wp","href":"https:\/\/api.w.org\/{rel}","templated":true}]}}