{"id":11458,"date":"2025-09-01T18:20:03","date_gmt":"2025-09-01T10:20:03","guid":{"rendered":"https:\/\/ruidapacking.com\/?post_type=product&#038;p=11458"},"modified":"2026-01-22T21:08:57","modified_gmt":"2026-01-22T13:08:57","slug":"automatic-tablet-press-machine","status":"publish","type":"product","link":"https:\/\/ruidapacking.com\/fr\/product\/automatic-tablet-press-machine\/","title":{"rendered":"Presse \u00e0 comprim\u00e9s automatique"},"content":{"rendered":"","protected":false},"excerpt":{"rendered":"<p>La machine \u00e0 comprim\u00e9s automatique consiste \u00e0 comprimer de la poudre ou des granul\u00e9s en comprim\u00e9s de qualit\u00e9 uniforme par le biais d'une s\u00e9rie d'\u00e9tapes contr\u00f4l\u00e9es avec pr\u00e9cision.<\/p>","protected":false},"featured_media":11459,"template":"","meta":{"_sitemap_exclude":false,"_sitemap_priority":"","_sitemap_frequency":""},"product_categories":[62],"class_list":["post-11458","product","type-product","status-publish","has-post-thumbnail","hentry","product_categories-premade-pouch-packing-machine"],"acf":[],"_links":{"self":[{"href":"https:\/\/ruidapacking.com\/fr\/wp-json\/wp\/v2\/product\/11458","targetHints":{"allow":["GET"]}}],"collection":[{"href":"https:\/\/ruidapacking.com\/fr\/wp-json\/wp\/v2\/product"}],"about":[{"href":"https:\/\/ruidapacking.com\/fr\/wp-json\/wp\/v2\/types\/product"}],"wp:featuredmedia":[{"embeddable":true,"href":"https:\/\/ruidapacking.com\/fr\/wp-json\/wp\/v2\/media\/11459"}],"wp:attachment":[{"href":"https:\/\/ruidapacking.com\/fr\/wp-json\/wp\/v2\/media?parent=11458"}],"wp:term":[{"taxonomy":"product_categories","embeddable":true,"href":"https:\/\/ruidapacking.com\/fr\/wp-json\/wp\/v2\/product_categories?post=11458"}],"curies":[{"name":"wp","href":"https:\/\/api.w.org\/{rel}","templated":true}]}}