{"id":11393,"date":"2026-02-10T09:24:03","date_gmt":"2026-02-10T01:24:03","guid":{"rendered":"https:\/\/ruidapacking.com\/?post_type=product&#038;p=11393"},"modified":"2026-02-10T18:25:40","modified_gmt":"2026-02-10T10:25:40","slug":"deblister-machine","status":"publish","type":"product","link":"https:\/\/ruidapacking.com\/fr\/product\/deblister-machine\/","title":{"rendered":"Machine \u00e0 d\u00e9blister"},"content":{"rendered":"","protected":false},"excerpt":{"rendered":"<p>La machine Deblister est une machine automatique de pr\u00e9l\u00e8vement (\u00e9pluchage) de comprim\u00e9s permettant de r\u00e9cup\u00e9rer les m\u00e9dicaments d\u00e9fectueux dans les emballages blister alu-pvc ou alu-alu.<\/p>","protected":false},"featured_media":11394,"template":"","meta":{"_sitemap_exclude":false,"_sitemap_priority":"","_sitemap_frequency":""},"product_categories":[41],"class_list":["post-11393","product","type-product","status-publish","has-post-thumbnail","hentry","product_categories-all-blister-packing-machine"],"acf":[],"_links":{"self":[{"href":"https:\/\/ruidapacking.com\/fr\/wp-json\/wp\/v2\/product\/11393","targetHints":{"allow":["GET"]}}],"collection":[{"href":"https:\/\/ruidapacking.com\/fr\/wp-json\/wp\/v2\/product"}],"about":[{"href":"https:\/\/ruidapacking.com\/fr\/wp-json\/wp\/v2\/types\/product"}],"wp:featuredmedia":[{"embeddable":true,"href":"https:\/\/ruidapacking.com\/fr\/wp-json\/wp\/v2\/media\/11394"}],"wp:attachment":[{"href":"https:\/\/ruidapacking.com\/fr\/wp-json\/wp\/v2\/media?parent=11393"}],"wp:term":[{"taxonomy":"product_categories","embeddable":true,"href":"https:\/\/ruidapacking.com\/fr\/wp-json\/wp\/v2\/product_categories?post=11393"}],"curies":[{"name":"wp","href":"https:\/\/api.w.org\/{rel}","templated":true}]}}