{"id":11123,"date":"2024-09-20T10:21:31","date_gmt":"2024-09-20T02:21:31","guid":{"rendered":"https:\/\/ruidapacking.com\/?post_type=product&#038;p=11123"},"modified":"2025-04-17T10:11:07","modified_gmt":"2025-04-17T02:11:07","slug":"three-color-tablet-press-machine","status":"publish","type":"product","link":"https:\/\/ruidapacking.com\/fr\/product\/three-color-tablet-press-machine\/","title":{"rendered":"Presse \u00e0 comprim\u00e9s tricolore"},"content":{"rendered":"","protected":false},"excerpt":{"rendered":"<p>La presse \u00e0 comprim\u00e9s tricolore peut presser la poudre, les granul\u00e9s et les pastilles en divers comprim\u00e9s, largement utilis\u00e9s dans l&#039;industrie pharmaceutique, nutraceutique, alimentaire, etc.<\/p>","protected":false},"featured_media":11120,"template":"","meta":{"_sitemap_exclude":false,"_sitemap_priority":"","_sitemap_frequency":""},"product_categories":[40],"class_list":["post-11123","product","type-product","status-publish","has-post-thumbnail","hentry","product_categories-all-tablet-press-machine"],"acf":[],"_links":{"self":[{"href":"https:\/\/ruidapacking.com\/fr\/wp-json\/wp\/v2\/product\/11123","targetHints":{"allow":["GET"]}}],"collection":[{"href":"https:\/\/ruidapacking.com\/fr\/wp-json\/wp\/v2\/product"}],"about":[{"href":"https:\/\/ruidapacking.com\/fr\/wp-json\/wp\/v2\/types\/product"}],"wp:featuredmedia":[{"embeddable":true,"href":"https:\/\/ruidapacking.com\/fr\/wp-json\/wp\/v2\/media\/11120"}],"wp:attachment":[{"href":"https:\/\/ruidapacking.com\/fr\/wp-json\/wp\/v2\/media?parent=11123"}],"wp:term":[{"taxonomy":"product_categories","embeddable":true,"href":"https:\/\/ruidapacking.com\/fr\/wp-json\/wp\/v2\/product_categories?post=11123"}],"curies":[{"name":"wp","href":"https:\/\/api.w.org\/{rel}","templated":true}]}}