{"id":9312,"date":"2024-07-15T19:40:20","date_gmt":"2024-07-15T11:40:20","guid":{"rendered":"https:\/\/ruidapacking.com\/?post_type=product&#038;p=9312"},"modified":"2024-07-17T11:16:15","modified_gmt":"2024-07-17T03:16:15","slug":"high-speed-bottle-unscrambler-machine","status":"publish","type":"product","link":"https:\/\/ruidapacking.com\/es\/product\/high-speed-bottle-unscrambler-machine\/","title":{"rendered":"M\u00e1quina posicionadora de botellas de alta velocidad"},"content":{"rendered":"","protected":false},"excerpt":{"rendered":"<p>La m\u00e1quina posicionadora de botellas de alta velocidad clasifica y alimenta las botellas a una l\u00ednea de producci\u00f3n. Se llenan, se tapan, se etiquetan y se envasan para su almacenamiento.<\/p>","protected":false},"featured_media":9944,"template":"","meta":{"_sitemap_exclude":false,"_sitemap_priority":"","_sitemap_frequency":""},"product_categories":[42],"class_list":["post-9312","product","type-product","status-publish","has-post-thumbnail","hentry","product_categories-all-automatic-counting-machine"],"acf":[],"_links":{"self":[{"href":"https:\/\/ruidapacking.com\/es\/wp-json\/wp\/v2\/product\/9312","targetHints":{"allow":["GET"]}}],"collection":[{"href":"https:\/\/ruidapacking.com\/es\/wp-json\/wp\/v2\/product"}],"about":[{"href":"https:\/\/ruidapacking.com\/es\/wp-json\/wp\/v2\/types\/product"}],"wp:featuredmedia":[{"embeddable":true,"href":"https:\/\/ruidapacking.com\/es\/wp-json\/wp\/v2\/media\/9944"}],"wp:attachment":[{"href":"https:\/\/ruidapacking.com\/es\/wp-json\/wp\/v2\/media?parent=9312"}],"wp:term":[{"taxonomy":"product_categories","embeddable":true,"href":"https:\/\/ruidapacking.com\/es\/wp-json\/wp\/v2\/product_categories?post=9312"}],"curies":[{"name":"wp","href":"https:\/\/api.w.org\/{rel}","templated":true}]}}