{"id":9213,"date":"2024-04-30T17:05:11","date_gmt":"2024-04-30T09:05:11","guid":{"rendered":"https:\/\/ruidapacking.com\/?post_type=product&#038;p=9213"},"modified":"2026-01-22T20:59:48","modified_gmt":"2026-01-22T12:59:48","slug":"tablet-making-machine-manufacturer","status":"publish","type":"product","link":"https:\/\/ruidapacking.com\/es\/product\/tablet-making-machine-manufacturer\/","title":{"rendered":"Fabricante de m\u00e1quinas para fabricar tabletas"},"content":{"rendered":"","protected":false},"excerpt":{"rendered":"<p>El fabricante de m\u00e1quinas para fabricar tabletas puede prensar polvo, gr\u00e1nulos y pellets en varias tabletas, ampliamente utilizadas en las industrias farmac\u00e9utica, alimentaria y qu\u00edmica.<\/p>","protected":false},"featured_media":12292,"template":"","meta":{"_sitemap_exclude":false,"_sitemap_priority":"","_sitemap_frequency":""},"product_categories":[40],"class_list":["post-9213","product","type-product","status-publish","has-post-thumbnail","hentry","product_categories-all-tablet-press-machine"],"acf":[],"_links":{"self":[{"href":"https:\/\/ruidapacking.com\/es\/wp-json\/wp\/v2\/product\/9213","targetHints":{"allow":["GET"]}}],"collection":[{"href":"https:\/\/ruidapacking.com\/es\/wp-json\/wp\/v2\/product"}],"about":[{"href":"https:\/\/ruidapacking.com\/es\/wp-json\/wp\/v2\/types\/product"}],"wp:featuredmedia":[{"embeddable":true,"href":"https:\/\/ruidapacking.com\/es\/wp-json\/wp\/v2\/media\/12292"}],"wp:attachment":[{"href":"https:\/\/ruidapacking.com\/es\/wp-json\/wp\/v2\/media?parent=9213"}],"wp:term":[{"taxonomy":"product_categories","embeddable":true,"href":"https:\/\/ruidapacking.com\/es\/wp-json\/wp\/v2\/product_categories?post=9213"}],"curies":[{"name":"wp","href":"https:\/\/api.w.org\/{rel}","templated":true}]}}