{"id":9205,"date":"2024-04-26T22:50:54","date_gmt":"2024-04-26T14:50:54","guid":{"rendered":"https:\/\/ruidapacking.com\/?post_type=product&#038;p=9205"},"modified":"2026-01-22T20:47:55","modified_gmt":"2026-01-22T12:47:55","slug":"medical-tablet-making-machine","status":"publish","type":"product","link":"https:\/\/ruidapacking.com\/es\/product\/medical-tablet-making-machine\/","title":{"rendered":"M\u00e1quina para fabricar tabletas m\u00e9dicas"},"content":{"rendered":"","protected":false},"excerpt":{"rendered":"<p>Las m\u00e1quinas para fabricar tabletas m\u00e9dicas desempe\u00f1an un papel fundamental en la transformaci\u00f3n de polvos en tabletas precisas y uniformes en la fabricaci\u00f3n de productos farmac\u00e9uticos y nutrac\u00e9uticos.<\/p>","protected":false},"featured_media":8800,"template":"","meta":{"_sitemap_exclude":false,"_sitemap_priority":"","_sitemap_frequency":""},"product_categories":[40],"class_list":["post-9205","product","type-product","status-publish","has-post-thumbnail","hentry","product_categories-all-tablet-press-machine"],"acf":[],"_links":{"self":[{"href":"https:\/\/ruidapacking.com\/es\/wp-json\/wp\/v2\/product\/9205","targetHints":{"allow":["GET"]}}],"collection":[{"href":"https:\/\/ruidapacking.com\/es\/wp-json\/wp\/v2\/product"}],"about":[{"href":"https:\/\/ruidapacking.com\/es\/wp-json\/wp\/v2\/types\/product"}],"wp:featuredmedia":[{"embeddable":true,"href":"https:\/\/ruidapacking.com\/es\/wp-json\/wp\/v2\/media\/8800"}],"wp:attachment":[{"href":"https:\/\/ruidapacking.com\/es\/wp-json\/wp\/v2\/media?parent=9205"}],"wp:term":[{"taxonomy":"product_categories","embeddable":true,"href":"https:\/\/ruidapacking.com\/es\/wp-json\/wp\/v2\/product_categories?post=9205"}],"curies":[{"name":"wp","href":"https:\/\/api.w.org\/{rel}","templated":true}]}}