{"id":9199,"date":"2026-02-10T14:08:51","date_gmt":"2026-02-10T06:08:51","guid":{"rendered":"https:\/\/ruidapacking.com\/?post_type=product&#038;p=9199"},"modified":"2026-02-10T18:17:03","modified_gmt":"2026-02-10T10:17:03","slug":"capsule-filler-equipment","status":"publish","type":"product","link":"https:\/\/ruidapacking.com\/es\/product\/capsule-filler-equipment\/","title":{"rendered":"Equipo de llenado de c\u00e1psulas"},"content":{"rendered":"","protected":false},"excerpt":{"rendered":"<p>El principio de funcionamiento del equipo de llenado de c\u00e1psulas implica varias etapas, que garantizan que las c\u00e1psulas vac\u00edas se llenen con una cantidad precisa de polvo y gr\u00e1nulos.<\/p>","protected":false},"featured_media":12300,"template":"","meta":{"_sitemap_exclude":false,"_sitemap_priority":"","_sitemap_frequency":""},"product_categories":[37],"class_list":["post-9199","product","type-product","status-publish","has-post-thumbnail","hentry","product_categories-all-automatic-capsule-filling-machine"],"acf":[],"_links":{"self":[{"href":"https:\/\/ruidapacking.com\/es\/wp-json\/wp\/v2\/product\/9199","targetHints":{"allow":["GET"]}}],"collection":[{"href":"https:\/\/ruidapacking.com\/es\/wp-json\/wp\/v2\/product"}],"about":[{"href":"https:\/\/ruidapacking.com\/es\/wp-json\/wp\/v2\/types\/product"}],"wp:featuredmedia":[{"embeddable":true,"href":"https:\/\/ruidapacking.com\/es\/wp-json\/wp\/v2\/media\/12300"}],"wp:attachment":[{"href":"https:\/\/ruidapacking.com\/es\/wp-json\/wp\/v2\/media?parent=9199"}],"wp:term":[{"taxonomy":"product_categories","embeddable":true,"href":"https:\/\/ruidapacking.com\/es\/wp-json\/wp\/v2\/product_categories?post=9199"}],"curies":[{"name":"wp","href":"https:\/\/api.w.org\/{rel}","templated":true}]}}