{"id":9071,"date":"2024-04-10T10:21:43","date_gmt":"2024-04-10T02:21:43","guid":{"rendered":"https:\/\/ruidapacking.com\/?post_type=product&#038;p=9071"},"modified":"2025-11-19T19:47:27","modified_gmt":"2025-11-19T11:47:27","slug":"automatic-pharmaceutical-capsule-machine","status":"publish","type":"product","link":"https:\/\/ruidapacking.com\/es\/product\/automatic-pharmaceutical-capsule-machine\/","title":{"rendered":"M\u00e1quina autom\u00e1tica de c\u00e1psulas farmac\u00e9uticas"},"content":{"rendered":"","protected":false},"excerpt":{"rendered":"<p>Encapsuladora farmac\u00e9utica autom\u00e1tica: Cumple con las normas GMP, 90.000 c\u00e1psulas\/h, precisi\u00f3n de dosificaci\u00f3n de \u00b11%, compatible con c\u00e1psulas de 000# a 5#. Ideal para productos farmac\u00e9uticos y nutrac\u00e9uticos.<\/p>","protected":false},"featured_media":13274,"template":"","meta":{"_sitemap_exclude":false,"_sitemap_priority":"","_sitemap_frequency":""},"product_categories":[62],"class_list":["post-9071","product","type-product","status-publish","has-post-thumbnail","hentry","product_categories-premade-pouch-packing-machine"],"acf":[],"_links":{"self":[{"href":"https:\/\/ruidapacking.com\/es\/wp-json\/wp\/v2\/product\/9071","targetHints":{"allow":["GET"]}}],"collection":[{"href":"https:\/\/ruidapacking.com\/es\/wp-json\/wp\/v2\/product"}],"about":[{"href":"https:\/\/ruidapacking.com\/es\/wp-json\/wp\/v2\/types\/product"}],"wp:featuredmedia":[{"embeddable":true,"href":"https:\/\/ruidapacking.com\/es\/wp-json\/wp\/v2\/media\/13274"}],"wp:attachment":[{"href":"https:\/\/ruidapacking.com\/es\/wp-json\/wp\/v2\/media?parent=9071"}],"wp:term":[{"taxonomy":"product_categories","embeddable":true,"href":"https:\/\/ruidapacking.com\/es\/wp-json\/wp\/v2\/product_categories?post=9071"}],"curies":[{"name":"wp","href":"https:\/\/api.w.org\/{rel}","templated":true}]}}