{"id":8761,"date":"2024-02-21T16:39:24","date_gmt":"2024-02-21T08:39:24","guid":{"rendered":"https:\/\/ruidapacking.com\/?post_type=product&#038;p=8761"},"modified":"2024-11-08T14:29:06","modified_gmt":"2024-11-08T06:29:06","slug":"medicine-blister-packing-machine","status":"publish","type":"product","link":"https:\/\/ruidapacking.com\/es\/product\/medicine-blister-packing-machine\/","title":{"rendered":"M\u00e1quina envasadora de bl\u00edsteres para medicamentos"},"content":{"rendered":"","protected":false},"excerpt":{"rendered":"<p>Las m\u00e1quinas envasadoras de bl\u00edsteres para medicamentos se utilizan ampliamente para envasar productos en bl\u00edsteres seguros, a prueba de manipulaciones y visualmente atractivos.<\/p>","protected":false},"featured_media":12286,"template":"","meta":{"_sitemap_exclude":false,"_sitemap_priority":"","_sitemap_frequency":""},"product_categories":[41],"class_list":["post-8761","product","type-product","status-publish","has-post-thumbnail","hentry","product_categories-all-blister-packing-machine"],"acf":[],"_links":{"self":[{"href":"https:\/\/ruidapacking.com\/es\/wp-json\/wp\/v2\/product\/8761","targetHints":{"allow":["GET"]}}],"collection":[{"href":"https:\/\/ruidapacking.com\/es\/wp-json\/wp\/v2\/product"}],"about":[{"href":"https:\/\/ruidapacking.com\/es\/wp-json\/wp\/v2\/types\/product"}],"wp:featuredmedia":[{"embeddable":true,"href":"https:\/\/ruidapacking.com\/es\/wp-json\/wp\/v2\/media\/12286"}],"wp:attachment":[{"href":"https:\/\/ruidapacking.com\/es\/wp-json\/wp\/v2\/media?parent=8761"}],"wp:term":[{"taxonomy":"product_categories","embeddable":true,"href":"https:\/\/ruidapacking.com\/es\/wp-json\/wp\/v2\/product_categories?post=8761"}],"curies":[{"name":"wp","href":"https:\/\/api.w.org\/{rel}","templated":true}]}}