{"id":8129,"date":"2023-08-31T14:45:21","date_gmt":"2023-08-31T06:45:21","guid":{"rendered":"https:\/\/ruidapacking.com\/?post_type=product&#038;p=8129"},"modified":"2025-01-13T20:56:07","modified_gmt":"2025-01-13T12:56:07","slug":"flat-plate-automatic-blister-packing-machine","status":"publish","type":"product","link":"https:\/\/ruidapacking.com\/es\/product\/flat-plate-automatic-blister-packing-machine\/","title":{"rendered":"M\u00e1quina autom\u00e1tica de bl\u00edster de placa plana"},"content":{"rendered":"","protected":false},"excerpt":{"rendered":"<p>La m\u00e1quina envasadora de bl\u00edster autom\u00e1tica de placa plana mejora la protecci\u00f3n del producto, mejora la eficiencia, reduce el desperdicio de material y ahorra costos en la producci\u00f3n de gran volumen.<\/p>","protected":false},"featured_media":13180,"template":"","meta":{"_sitemap_exclude":false,"_sitemap_priority":"","_sitemap_frequency":""},"product_categories":[41],"class_list":["post-8129","product","type-product","status-publish","has-post-thumbnail","hentry","product_categories-all-blister-packing-machine"],"acf":[],"_links":{"self":[{"href":"https:\/\/ruidapacking.com\/es\/wp-json\/wp\/v2\/product\/8129","targetHints":{"allow":["GET"]}}],"collection":[{"href":"https:\/\/ruidapacking.com\/es\/wp-json\/wp\/v2\/product"}],"about":[{"href":"https:\/\/ruidapacking.com\/es\/wp-json\/wp\/v2\/types\/product"}],"wp:featuredmedia":[{"embeddable":true,"href":"https:\/\/ruidapacking.com\/es\/wp-json\/wp\/v2\/media\/13180"}],"wp:attachment":[{"href":"https:\/\/ruidapacking.com\/es\/wp-json\/wp\/v2\/media?parent=8129"}],"wp:term":[{"taxonomy":"product_categories","embeddable":true,"href":"https:\/\/ruidapacking.com\/es\/wp-json\/wp\/v2\/product_categories?post=8129"}],"curies":[{"name":"wp","href":"https:\/\/api.w.org\/{rel}","templated":true}]}}