{"id":2936,"date":"2022-08-04T07:42:26","date_gmt":"2022-08-04T07:42:26","guid":{"rendered":"https:\/\/ruidapacking.com\/?post_type=product&#038;p=2936"},"modified":"2024-10-24T10:08:45","modified_gmt":"2024-10-24T02:08:45","slug":"dpp-100l-liquid-blister-packing-machine","status":"publish","type":"product","link":"https:\/\/ruidapacking.com\/es\/product\/dpp-100l-liquid-blister-packing-machine\/","title":{"rendered":"M\u00e1quina envasadora de bl\u00edsteres para l\u00edquidos DPP-100L"},"content":{"rendered":"","protected":false},"excerpt":{"rendered":"","protected":false},"featured_media":10691,"template":"","meta":{"_sitemap_exclude":false,"_sitemap_priority":"","_sitemap_frequency":""},"product_categories":[13,26],"class_list":["post-2936","product","type-product","status-publish","has-post-thumbnail","hentry","product_categories-blister-packing-machine","product_categories-for-perfume-jam-honey-and-other-liquid"],"acf":[],"_links":{"self":[{"href":"https:\/\/ruidapacking.com\/es\/wp-json\/wp\/v2\/product\/2936","targetHints":{"allow":["GET"]}}],"collection":[{"href":"https:\/\/ruidapacking.com\/es\/wp-json\/wp\/v2\/product"}],"about":[{"href":"https:\/\/ruidapacking.com\/es\/wp-json\/wp\/v2\/types\/product"}],"wp:featuredmedia":[{"embeddable":true,"href":"https:\/\/ruidapacking.com\/es\/wp-json\/wp\/v2\/media\/10691"}],"wp:attachment":[{"href":"https:\/\/ruidapacking.com\/es\/wp-json\/wp\/v2\/media?parent=2936"}],"wp:term":[{"taxonomy":"product_categories","embeddable":true,"href":"https:\/\/ruidapacking.com\/es\/wp-json\/wp\/v2\/product_categories?post=2936"}],"curies":[{"name":"wp","href":"https:\/\/api.w.org\/{rel}","templated":true}]}}