{"id":13460,"date":"2025-02-19T16:55:37","date_gmt":"2025-02-19T08:55:37","guid":{"rendered":"https:\/\/ruidapacking.com\/?post_type=product&#038;p=13460"},"modified":"2026-03-27T16:38:07","modified_gmt":"2026-03-27T08:38:07","slug":"three-side-sealed-bag-sachet-packing-machine","status":"publish","type":"product","link":"https:\/\/ruidapacking.com\/es\/product\/three-side-sealed-bag-sachet-packing-machine\/","title":{"rendered":"M\u00e1quina envasadora de sobres con bolsas selladas por tres lados"},"content":{"rendered":"","protected":false},"excerpt":{"rendered":"<p>M\u00e1quina envasadora de sobres con sellado por tres lados: tecnolog\u00eda VFFS de alta velocidad y precisi\u00f3n para polvos, gr\u00e1nulos y l\u00edquidos. Ideal para alimentos, productos farmac\u00e9uticos y qu\u00edmicos.<\/p>","protected":false},"featured_media":14135,"template":"","meta":{"_sitemap_exclude":false,"_sitemap_priority":"","_sitemap_frequency":""},"product_categories":[76],"class_list":["post-13460","product","type-product","status-publish","has-post-thumbnail","hentry","product_categories-sachet-packing-machine"],"acf":[],"_links":{"self":[{"href":"https:\/\/ruidapacking.com\/es\/wp-json\/wp\/v2\/product\/13460","targetHints":{"allow":["GET"]}}],"collection":[{"href":"https:\/\/ruidapacking.com\/es\/wp-json\/wp\/v2\/product"}],"about":[{"href":"https:\/\/ruidapacking.com\/es\/wp-json\/wp\/v2\/types\/product"}],"wp:featuredmedia":[{"embeddable":true,"href":"https:\/\/ruidapacking.com\/es\/wp-json\/wp\/v2\/media\/14135"}],"wp:attachment":[{"href":"https:\/\/ruidapacking.com\/es\/wp-json\/wp\/v2\/media?parent=13460"}],"wp:term":[{"taxonomy":"product_categories","embeddable":true,"href":"https:\/\/ruidapacking.com\/es\/wp-json\/wp\/v2\/product_categories?post=13460"}],"curies":[{"name":"wp","href":"https:\/\/api.w.org\/{rel}","templated":true}]}}