{"id":11458,"date":"2025-09-01T18:20:03","date_gmt":"2025-09-01T10:20:03","guid":{"rendered":"https:\/\/ruidapacking.com\/?post_type=product&#038;p=11458"},"modified":"2026-01-22T21:08:57","modified_gmt":"2026-01-22T13:08:57","slug":"automatic-tablet-press-machine","status":"publish","type":"product","link":"https:\/\/ruidapacking.com\/es\/product\/automatic-tablet-press-machine\/","title":{"rendered":"M\u00e1quina prensadora autom\u00e1tica de tabletas"},"content":{"rendered":"","protected":false},"excerpt":{"rendered":"<p>La m\u00e1quina prensadora de tabletas autom\u00e1tica implica comprimir polvo o granulado en tabletas de calidad uniforme a trav\u00e9s de una serie de pasos controlados con precisi\u00f3n.<\/p>","protected":false},"featured_media":11459,"template":"","meta":{"_sitemap_exclude":false,"_sitemap_priority":"","_sitemap_frequency":""},"product_categories":[62],"class_list":["post-11458","product","type-product","status-publish","has-post-thumbnail","hentry","product_categories-premade-pouch-packing-machine"],"acf":[],"_links":{"self":[{"href":"https:\/\/ruidapacking.com\/es\/wp-json\/wp\/v2\/product\/11458","targetHints":{"allow":["GET"]}}],"collection":[{"href":"https:\/\/ruidapacking.com\/es\/wp-json\/wp\/v2\/product"}],"about":[{"href":"https:\/\/ruidapacking.com\/es\/wp-json\/wp\/v2\/types\/product"}],"wp:featuredmedia":[{"embeddable":true,"href":"https:\/\/ruidapacking.com\/es\/wp-json\/wp\/v2\/media\/11459"}],"wp:attachment":[{"href":"https:\/\/ruidapacking.com\/es\/wp-json\/wp\/v2\/media?parent=11458"}],"wp:term":[{"taxonomy":"product_categories","embeddable":true,"href":"https:\/\/ruidapacking.com\/es\/wp-json\/wp\/v2\/product_categories?post=11458"}],"curies":[{"name":"wp","href":"https:\/\/api.w.org\/{rel}","templated":true}]}}