{"id":8860,"date":"2024-03-15T14:58:52","date_gmt":"2024-03-15T06:58:52","guid":{"rendered":"https:\/\/ruidapacking.com\/?post_type=product&#038;p=8860"},"modified":"2024-11-08T11:06:31","modified_gmt":"2024-11-08T03:06:31","slug":"pharmaceutical-capsule-counting-machine","status":"publish","type":"product","link":"https:\/\/ruidapacking.com\/de\/product\/pharmaceutical-capsule-counting-machine\/","title":{"rendered":"Z\u00e4hlmaschine f\u00fcr pharmazeutische Kapseln"},"content":{"rendered":"","protected":false},"excerpt":{"rendered":"<p>Z\u00e4hlmaschinen f\u00fcr pharmazeutische Kapseln sind vielseitige Werkzeuge, die in verschiedenen Branchen h\u00e4ufig zum genauen Z\u00e4hlen und Ausgeben von Tabletten oder Kapseln verwendet werden.<\/p>","protected":false},"featured_media":12289,"template":"","meta":{"_sitemap_exclude":false,"_sitemap_priority":"","_sitemap_frequency":""},"product_categories":[42],"class_list":["post-8860","product","type-product","status-publish","has-post-thumbnail","hentry","product_categories-all-automatic-counting-machine"],"acf":[],"_links":{"self":[{"href":"https:\/\/ruidapacking.com\/de\/wp-json\/wp\/v2\/product\/8860","targetHints":{"allow":["GET"]}}],"collection":[{"href":"https:\/\/ruidapacking.com\/de\/wp-json\/wp\/v2\/product"}],"about":[{"href":"https:\/\/ruidapacking.com\/de\/wp-json\/wp\/v2\/types\/product"}],"wp:featuredmedia":[{"embeddable":true,"href":"https:\/\/ruidapacking.com\/de\/wp-json\/wp\/v2\/media\/12289"}],"wp:attachment":[{"href":"https:\/\/ruidapacking.com\/de\/wp-json\/wp\/v2\/media?parent=8860"}],"wp:term":[{"taxonomy":"product_categories","embeddable":true,"href":"https:\/\/ruidapacking.com\/de\/wp-json\/wp\/v2\/product_categories?post=8860"}],"curies":[{"name":"wp","href":"https:\/\/api.w.org\/{rel}","templated":true}]}}