{"id":3038,"date":"2022-08-05T01:48:14","date_gmt":"2022-08-05T01:48:14","guid":{"rendered":"https:\/\/ruidapacking.com\/?post_type=product&#038;p=3038"},"modified":"2025-01-14T16:02:25","modified_gmt":"2025-01-14T08:02:25","slug":"dpp-270l-sauce-blister-packing-machine","status":"publish","type":"product","link":"https:\/\/ruidapacking.com\/de\/product\/dpp-270l-sauce-blister-packing-machine\/","title":{"rendered":"DPP-270L Saucen-Blisterverpackungsmaschine"},"content":{"rendered":"","protected":false},"excerpt":{"rendered":"<p>Die So\u00dfen-Blisterverpackungsmaschine DPP-270L kann Honig, Butter, Ketchup und K\u00e4se in Blister verpacken, die maximale Leistung betr\u00e4gt 9.600 Blister\/h und wird h\u00e4ufig in der Lebensmittelindustrie eingesetzt.<\/p>","protected":false},"featured_media":13262,"template":"","meta":{"_sitemap_exclude":false,"_sitemap_priority":"","_sitemap_frequency":""},"product_categories":[41],"class_list":["post-3038","product","type-product","status-publish","has-post-thumbnail","hentry","product_categories-all-blister-packing-machine"],"acf":[],"_links":{"self":[{"href":"https:\/\/ruidapacking.com\/de\/wp-json\/wp\/v2\/product\/3038","targetHints":{"allow":["GET"]}}],"collection":[{"href":"https:\/\/ruidapacking.com\/de\/wp-json\/wp\/v2\/product"}],"about":[{"href":"https:\/\/ruidapacking.com\/de\/wp-json\/wp\/v2\/types\/product"}],"wp:featuredmedia":[{"embeddable":true,"href":"https:\/\/ruidapacking.com\/de\/wp-json\/wp\/v2\/media\/13262"}],"wp:attachment":[{"href":"https:\/\/ruidapacking.com\/de\/wp-json\/wp\/v2\/media?parent=3038"}],"wp:term":[{"taxonomy":"product_categories","embeddable":true,"href":"https:\/\/ruidapacking.com\/de\/wp-json\/wp\/v2\/product_categories?post=3038"}],"curies":[{"name":"wp","href":"https:\/\/api.w.org\/{rel}","templated":true}]}}