{"id":1536,"date":"2022-08-03T12:39:09","date_gmt":"2022-08-03T12:39:09","guid":{"rendered":"https:\/\/ruidapacking.com\/?post_type=product&#038;p=1536"},"modified":"2024-08-26T18:08:50","modified_gmt":"2024-08-26T10:08:50","slug":"njp-400c-automatic-capsule-filling-machine","status":"publish","type":"product","link":"https:\/\/ruidapacking.com\/de\/product\/njp-400c-automatic-capsule-filling-machine\/","title":{"rendered":"NJP-400C Automatische Kapself\u00fcllmaschine"},"content":{"rendered":"","protected":false},"excerpt":{"rendered":"<p>Die automatische Kapself\u00fcllmaschine NJP-400C kann Pulver, Granulat und Hartstoffe in Hartkapseln f\u00fcllen. Geeignet f\u00fcr die Kapselgr\u00f6\u00dfe #000-5, weit verbreitet in der Pharma- und Lebensmittelindustrie.<\/p>","protected":false},"featured_media":9145,"template":"","meta":{"_sitemap_exclude":false,"_sitemap_priority":"","_sitemap_frequency":""},"product_categories":[37],"class_list":["post-1536","product","type-product","status-publish","has-post-thumbnail","hentry","product_categories-all-automatic-capsule-filling-machine"],"acf":[],"_links":{"self":[{"href":"https:\/\/ruidapacking.com\/de\/wp-json\/wp\/v2\/product\/1536","targetHints":{"allow":["GET"]}}],"collection":[{"href":"https:\/\/ruidapacking.com\/de\/wp-json\/wp\/v2\/product"}],"about":[{"href":"https:\/\/ruidapacking.com\/de\/wp-json\/wp\/v2\/types\/product"}],"wp:featuredmedia":[{"embeddable":true,"href":"https:\/\/ruidapacking.com\/de\/wp-json\/wp\/v2\/media\/9145"}],"wp:attachment":[{"href":"https:\/\/ruidapacking.com\/de\/wp-json\/wp\/v2\/media?parent=1536"}],"wp:term":[{"taxonomy":"product_categories","embeddable":true,"href":"https:\/\/ruidapacking.com\/de\/wp-json\/wp\/v2\/product_categories?post=1536"}],"curies":[{"name":"wp","href":"https:\/\/api.w.org\/{rel}","templated":true}]}}