{"id":13246,"date":"2025-01-14T15:15:26","date_gmt":"2025-01-14T07:15:26","guid":{"rendered":"https:\/\/ruidapacking.com\/?post_type=product&#038;p=13246"},"modified":"2025-01-14T15:16:33","modified_gmt":"2025-01-14T07:16:33","slug":"6-lanes-sachet-packing-machine","status":"publish","type":"product","link":"https:\/\/ruidapacking.com\/de\/product\/6-lanes-sachet-packing-machine\/","title":{"rendered":"6-spurige Beutelverpackungsmaschine"},"content":{"rendered":"","protected":false},"excerpt":{"rendered":"<p>Die 6-spurige Beutelverpackungsmaschine bietet schnelles, pr\u00e4zises Bef\u00fcllen, reduzierten Materialabfall, ma\u00dfgeschneiderte und zuverl\u00e4ssige, hygienische Verpackungen f\u00fcr verschiedene Produkte.<\/p>","protected":false},"featured_media":13247,"template":"","meta":{"_sitemap_exclude":false,"_sitemap_priority":"","_sitemap_frequency":""},"product_categories":[43],"class_list":["post-13246","product","type-product","status-publish","has-post-thumbnail","hentry","product_categories-all-cartoning-machine"],"acf":[],"_links":{"self":[{"href":"https:\/\/ruidapacking.com\/de\/wp-json\/wp\/v2\/product\/13246","targetHints":{"allow":["GET"]}}],"collection":[{"href":"https:\/\/ruidapacking.com\/de\/wp-json\/wp\/v2\/product"}],"about":[{"href":"https:\/\/ruidapacking.com\/de\/wp-json\/wp\/v2\/types\/product"}],"wp:featuredmedia":[{"embeddable":true,"href":"https:\/\/ruidapacking.com\/de\/wp-json\/wp\/v2\/media\/13247"}],"wp:attachment":[{"href":"https:\/\/ruidapacking.com\/de\/wp-json\/wp\/v2\/media?parent=13246"}],"wp:term":[{"taxonomy":"product_categories","embeddable":true,"href":"https:\/\/ruidapacking.com\/de\/wp-json\/wp\/v2\/product_categories?post=13246"}],"curies":[{"name":"wp","href":"https:\/\/api.w.org\/{rel}","templated":true}]}}