{"id":12718,"date":"2024-11-26T19:59:55","date_gmt":"2024-11-26T11:59:55","guid":{"rendered":"https:\/\/ruidapacking.com\/?post_type=product&#038;p=12718"},"modified":"2024-11-26T20:00:54","modified_gmt":"2024-11-26T12:00:54","slug":"tablet-sorting-screening-machine","status":"publish","type":"product","link":"https:\/\/ruidapacking.com\/de\/product\/tablet-sorting-screening-machine\/","title":{"rendered":"Tablettensortier-Siebmaschine"},"content":{"rendered":"","protected":false},"excerpt":{"rendered":"<p>Mit einer Siebmaschine zum Sortieren und Sortieren von Tabletten wird nach der Komprimierung \u00fcbersch\u00fcssiges Pulver aus den Tabletten entfernt, um sicherzustellen, dass sie sauber und bereit f\u00fcr die weitere Verarbeitung oder Verpackung sind.<\/p>","protected":false},"featured_media":12719,"template":"","meta":{"_sitemap_exclude":false,"_sitemap_priority":"","_sitemap_frequency":""},"product_categories":[40],"class_list":["post-12718","product","type-product","status-publish","has-post-thumbnail","hentry","product_categories-all-tablet-press-machine"],"acf":[],"_links":{"self":[{"href":"https:\/\/ruidapacking.com\/de\/wp-json\/wp\/v2\/product\/12718","targetHints":{"allow":["GET"]}}],"collection":[{"href":"https:\/\/ruidapacking.com\/de\/wp-json\/wp\/v2\/product"}],"about":[{"href":"https:\/\/ruidapacking.com\/de\/wp-json\/wp\/v2\/types\/product"}],"wp:featuredmedia":[{"embeddable":true,"href":"https:\/\/ruidapacking.com\/de\/wp-json\/wp\/v2\/media\/12719"}],"wp:attachment":[{"href":"https:\/\/ruidapacking.com\/de\/wp-json\/wp\/v2\/media?parent=12718"}],"wp:term":[{"taxonomy":"product_categories","embeddable":true,"href":"https:\/\/ruidapacking.com\/de\/wp-json\/wp\/v2\/product_categories?post=12718"}],"curies":[{"name":"wp","href":"https:\/\/api.w.org\/{rel}","templated":true}]}}