{"id":15034,"date":"2025-09-25T23:26:45","date_gmt":"2025-09-25T15:26:45","guid":{"rendered":"https:\/\/ruidapacking.com\/?page_id=15034"},"modified":"2025-09-26T10:31:57","modified_gmt":"2025-09-26T02:31:57","slug":"privacy-policy","status":"publish","type":"page","link":"https:\/\/ruidapacking.com\/de\/privacy-policy\/","title":{"rendered":"Datenschutzrichtlinie"},"content":{"rendered":"<div data-elementor-type=\"wp-page\" data-elementor-id=\"15034\" class=\"elementor elementor-15034\" data-elementor-post-type=\"page\">\n\t\t\t\t<div class=\"elementor-element elementor-element-79a1883d e-flex e-con-boxed e-con e-parent\" data-id=\"79a1883d\" data-element_type=\"container\" data-e-type=\"container\">\n\t\t\t\t\t<div class=\"e-con-inner\">\n\t\t\t\t<div class=\"elementor-element elementor-element-307258e6 elementor-widget elementor-widget-text-editor\" data-id=\"307258e6\" data-element_type=\"widget\" data-e-type=\"widget\" data-widget_type=\"text-editor.default\">\n\t\t\t\t<div class=\"elementor-widget-container\">\n\t\t\t\t\t\t\t\t\t<h4 class=\"privacy-policy-h1\">\n<br><span>Zuletzt aktualisiert am 25-Sep-2025<\/span>\n<br><span>Datum des Inkrafttretens 25-Sep-2025<\/span>\n<\/h4>\n\n<p class=\"privacy-policy-p\">\n    Diese Datenschutzrichtlinie beschreibt die Politik von\n\n    Guangzhou Ruida Packing Machinery Co., Ltd,\n    Geb\u00e4ude D, Nr. 226, Beishan Qiaotou Street, Haizhu District, Guangzhou City, Guangdong Province, China,\n    \n    E-Mail: ceo@ruidapacking.com,\n    Telefon: +86 15817128250\n\n    \u00fcber die Sammlung,\n    Verwendung und Weitergabe Ihrer Daten, die wir bei der\n    wenn Sie unsere Website ( https:\/\/ruidapacking.com ) nutzen.\n    (der \u201cDienst\u201d). Durch den Zugriff auf oder die Nutzung von\n    den\n    Dienstes stimmen Sie der Erfassung, Verwendung und Weitergabe\n    Offenlegung Ihrer Informationen in \u00dcbereinstimmung mit dieser\n    Datenschutzrichtlinie. Wenn Sie damit nicht einverstanden sind,\n    bitten wir Sie, den Dienst nicht zu nutzen.\n<\/p>\n\n<p class=\"privacy-policy-p\">\n    Wir k\u00f6nnen diese Datenschutzrichtlinie jederzeit ohne vorherige\n    ohne vorherige Ank\u00fcndigung \u00e4ndern und werden die \u00fcberarbeitete\n    Datenschutzrichtlinie auf dem Dienst ver\u00f6ffentlichen. Die \u00fcberarbeitete Richtlinie wird\n    180 Tage ab dem Zeitpunkt in Kraft, an dem die\n    ge\u00e4nderte Richtlinie im Dienst ver\u00f6ffentlicht wird, und Ihr\n    Ihr fortgesetzter Zugang oder Ihre Nutzung des Dienstes nach diesem Zeitpunkt\n    akzeptieren Sie die \u00fcberarbeitete Datenschutzrichtlinie.\n    Richtlinie. Wir empfehlen daher, dass Sie diese Seite in regelm\u00e4\u00dfigen Abst\u00e4nden\n    diese Seite zu \u00fcberpr\u00fcfen.\n<\/p>\n\n<ol class=\"privacy-policy-ol\">\n        <li>\n        <h5 class=\"privacy-policy-h2\">\n            Wir sammeln Informationen:\n        <\/h5>\n\n        \n        <p class=\"privacy-policy-p\">\n            Wir werden folgende Daten sammeln und verarbeiten\n            pers\u00f6nliche Informationen \u00fcber Sie:\n        <\/p>\n        <ol class=\"privacy-policy-ol\">\n\n                        <li>Name<\/li>\n            \n                        <li>E-Mail<\/li>\n            \n                        <li>Mobil<\/li>\n            \n            \n            \n            \n            \n                        \n                                    <li>Position<\/li>\n                                                <li>Firmenname<\/li>\n                                                <li>Land\/Region.<\/li>\n                        \n        <\/ol>\n        \n\n        \n\n    <\/li>\n\n    \n    \n\n        <li>\n        <h5 class=\"privacy-policy-h2\">\n            Wie wir Ihre Informationen verwenden:\n        <\/h5>\n        <p class=\"privacy-policy-p\">\n            Wir verwenden die Informationen, die wir \u00fcber Sie sammeln\n            \u00fcber Sie f\u00fcr die folgenden Zwecke:\n        <\/p>\n        <ol class=\"privacy-policy-ol\">\n\n                        <li>Marketing\/Werbung<\/li>\n            \n            \n                        <li>Testimonials<\/li>\n            \n            \n            \n            \n                        <li>Unterst\u00fctzung<\/li>\n            \n            \n                        <li>Gezielte Werbung<\/li>\n            \n            \n            \n            \n            \n            \n        <\/ol>\n        <p class=\"privacy-policy-p\">\n            Wenn wir Ihre Daten f\u00fcr einen anderen Zweck verwenden wollen\n            werden wir Sie um Ihr Einverst\u00e4ndnis bitten und\n            Ihre Informationen nur nach Erhalt Ihrer\n            und dann nur f\u00fcr den\/die Zweck(e), f\u00fcr den\/die\n            Zwecke verwenden, es sei denn, wir sind zu etwas\n            anderweitig gesetzlich verpflichtet.\n        <\/p>\n    <\/li>\n    \n    \n    <li>\n        <h5 class=\"privacy-policy-h2\">\n            Wie wir Ihre Informationen weitergeben:\n        <\/h5>\n\n\n                <p class=\"privacy-policy-p\">\n            Wir werden Ihre personenbezogenen Daten nicht\n            an Dritte weitergeben, ohne Ihre Zustimmung einzuholen,\n            au\u00dfer unter den nachfolgend beschriebenen begrenzten Umst\u00e4nden\n            unten beschrieben:\n        <\/p>\n        <ol class=\"privacy-policy-ol\">\n                        <li>Anzeigenservice<\/li>\n            \n            \n            \n            \n                        <li>Analytik<\/li>\n            \n            \n                    <\/ol>\n        \n        <p class=\"privacy-policy-p\">\n            Wir verlangen von diesen Dritten, dass sie die\n            personenbezogenen Daten, die wir an sie weitergeben, nur\n            f\u00fcr den Zweck, f\u00fcr den sie \u00fcbermittelt wurden, und\n            sie nicht l\u00e4nger aufzubewahren, als es f\u00fcr die Erf\u00fcllung\n            als f\u00fcr die Erf\u00fcllung des genannten Zwecks erforderlich ist.\n        <\/p>\n        <p class=\"privacy-policy-p\">\n            Wir k\u00f6nnen Ihre pers\u00f6nlichen Daten auch weitergeben\n            f\u00fcr die folgenden Zwecke: (1) zur Einhaltung von anwendbaren\n            Gesetzen, Vorschriften, Gerichtsbeschl\u00fcssen oder anderen\n            (2) um Ihre Vereinbarungen mit uns durchzusetzen,\n            einschlie\u00dflich dieser Datenschutzrichtlinie; oder (3) um auf\n            zu reagieren, dass Ihre Nutzung des Dienstes die Rechte\n            Rechte Dritter verletzt. Wenn der Dienst oder unser\n            Unternehmen mit einem anderen Unternehmen fusioniert oder erworben\n            Unternehmen fusioniert oder \u00fcbernommen wird, geh\u00f6ren Ihre Informationen zu den\n            Verm\u00f6genswerte, die auf den neuen Eigent\u00fcmer \u00fcbertragen werden.\n        <\/p>\n    <\/li>\n    \n\n        <li>\n        <h5 class=\"privacy-policy-h2\">\n            Aufbewahrung Ihrer Informationen:\n        <\/h5>\n        <p class=\"privacy-policy-p\">\n            Wir werden Ihre pers\u00f6nlichen Daten bei uns aufbewahren\n            f\u00fcr\n                        Wir bewahren die gesammelten personenbezogenen Daten so lange auf, wie es f\u00fcr die Erbringung unserer Dienstleistungen und die Beantwortung von Anfragen erforderlich ist, oder bis der Nutzer die L\u00f6schung verlangt.\n                        oder so lange\n            solange wir sie ben\u00f6tigen, um die Zwecke zu erf\u00fcllen\n            Zwecke, f\u00fcr die sie erhoben wurden, wie in dieser\n            Datenschutzrichtlinie. Unter Umst\u00e4nden m\u00fcssen wir bestimmte\n            Informationen l\u00e4nger aufbewahren, z. B. f\u00fcr\n            Aufbewahrung von Aufzeichnungen\/Berichten in \u00dcbereinstimmung mit\n            geltendem Recht oder aus anderen legitimen Gr\u00fcnden\n            wie Durchsetzung gesetzlicher Rechte, Betrugs\n            Betrugspr\u00e4vention, etc. Anonyme Restinformationen\n            und aggregierte Informationen, die Sie nicht\n            Sie (direkt oder indirekt) identifiziert, k\u00f6nnen\n            auf unbestimmte Zeit gespeichert werden.\n        <\/p>\n    <\/li>\n    \n    <li>\n        <h5 class=\"privacy-policy-h2\">\n            Ihre Rechte:\n        <\/h5>\n        <p class=\"privacy-policy-p\">\n            Je nach geltendem Recht haben Sie unter Umst\u00e4nden\n            ein Recht auf Zugang und Berichtigung oder L\u00f6schung Ihrer\n            Daten zu erhalten oder eine Kopie Ihrer personenbezogenen\n            Daten, die Einschr\u00e4nkung oder den Widerspruch gegen die aktive\n            Verarbeitung Ihrer Daten einzuschr\u00e4nken oder zu widersprechen, die Weitergabe (Portierung)\n            Ihre pers\u00f6nlichen Daten an eine andere Stelle weiterzugeben,\n            die von Ihnen erteilte Zustimmung zur\n            Verarbeitung Ihrer Daten, das Recht, eine Beschwerde\n            bei einer gesetzlichen Beh\u00f6rde und andere Rechte\n            die nach geltendem Recht relevant sein k\u00f6nnen. Um\n            diese Rechte auszu\u00fcben, k\u00f6nnen Sie sich schriftlich an uns wenden unter\n            ceo@ruidapacking.com.\n            Wir werden auf Ihre\n            Anfrage in \u00dcbereinstimmung mit dem geltenden Recht beantworten.\n        <\/p>\n\n        \n        <p class=\"privacy-policy-p\">\n            Bitte beachten Sie, dass wir, wenn Sie uns nicht erlauben, die\n            die erforderlichen personenbezogenen Daten zu erheben oder zu verarbeiten oder\n            die Zustimmung zur Verarbeitung f\u00fcr die erforderlichen\n            Zwecke zu verarbeiten, k\u00f6nnen Sie m\u00f6glicherweise nicht auf die\n            die Dienste, f\u00fcr die Ihre Informationen angefordert wurden\n            angefordert wurden.\n        <\/p>\n    <\/li>\n        <li>\n        <h5 class=\"privacy-policy-h2\">\n            Kekse:\n        <\/h5>\n        <p class=\"privacy-policy-p\">\n\n            \n            Unsere Website verwendet Cookies und \u00e4hnliche Tracking-Technologien, um Sie von anderen Nutzern unserer Website zu unterscheiden und um uns zu helfen, die Website zu verbessern.<br>\n\nWas sind Cookies? Cookies sind kleine Textdateien, die eine geringe Menge an Informationen enthalten und auf Ihr Ger\u00e4t heruntergeladen werden, wenn Sie eine Website besuchen.<br>\nArten von Cookies, die wir verwenden:<br>\nErforderliche Cookies: Notwendig, um das ordnungsgem\u00e4\u00dfe Funktionieren der Website zu gew\u00e4hrleisten, wie z. B. die Benutzeranmeldungsfunktion.<br>\nAnalytische Cookies: Helfen uns zu verstehen, wie Besucher mit der Website interagieren (z. B. durch Google Analytics), damit wir die Leistung der Website analysieren und verbessern k\u00f6nnen.<br>\nFunktionale Cookies: Sie werden verwendet, um Ihre Pr\u00e4ferenzen zu speichern (z. B. Sprache oder Region), um Ihnen eine individuellere Erfahrung zu bieten.<br>\nIhre Wahlm\u00f6glichkeiten: Die meisten Browser akzeptieren Cookies standardm\u00e4\u00dfig. Sie k\u00f6nnen Cookies ablehnen oder l\u00f6schen, indem Sie die Einstellungen Ihres Browsers \u00e4ndern. Bitte beachten Sie jedoch, dass die Deaktivierung von Cookies die Verf\u00fcgbarkeit und Funktionalit\u00e4t unserer Website beeintr\u00e4chtigen kann.\n        <\/p>\n    <\/li>\n    \n    <li>\n        <h5 class=\"privacy-policy-h2\">\n            Sicherheit:\n        <\/h5>\n        <p class=\"privacy-policy-p\">\n            Die Sicherheit Ihrer Daten ist f\u00fcr uns wichtig\n            und wir werden angemessene Sicherheitsma\u00dfnahmen ergreifen\n            um den Verlust, den Missbrauch oder die unbefugte\n            unbefugte \u00c4nderung Ihrer Daten unter unserer\n            Kontrolle. Angesichts der inh\u00e4renten Risiken k\u00f6nnen wir jedoch\n            keine absolute Sicherheit garantieren und\n            k\u00f6nnen wir die Sicherheit der von Ihnen \u00fcbermittelten\n            Sicherheit der von Ihnen an uns \u00fcbermittelten Informationen\n            und Sie tun dies auf eigenes Risiko.\n        <\/p>\n    <\/li>\n\n\t<li>\n        <h5 class=\"privacy-policy-h2\">\n            Die Privatsph\u00e4re von Kindern:\n        <\/h5>\n        <p class=\"privacy-policy-p\">\n           Unsere Website und Dienstleistungen sind nicht f\u00fcr Kinder unter 16 Jahren bestimmt. Wir sammeln oder erbitten nicht wissentlich Informationen von Kindern unter diesem Alter.\n        <\/p>\n    <\/li>\n\n\n\n        <li>\n        <h5 class=\"privacy-policy-h2\">\n            Links zu Dritten und Verwendung Ihrer Informationen:\n        <\/h5>\n        <p class=\"privacy-policy-p\">\n            Unser Service kann Links zu anderen Websites enthalten\n            die nicht von uns betrieben werden. Diese Datenschutzrichtlinie\n            befasst sich nicht mit den Datenschutzrichtlinien und anderen\n            Praktiken von Dritten, einschlie\u00dflich von\n            Dritter, die eine Website oder einen Dienst betreiben\n            die \u00fcber einen Link im Service zug\u00e4nglich sind.\n            Dienst. Wir empfehlen Ihnen dringend, die\n            Datenschutzrichtlinie jeder von Ihnen besuchten Website zu lesen. Wir haben\n            keine Kontrolle \u00fcber und \u00fcbernehmen keine Verantwortung f\u00fcr\n            den Inhalt, die Datenschutzrichtlinien oder Praktiken von\n            Websites oder Dienstleistungen Dritter.\n        <\/p>\n    <\/li>\n    \n    <li>\n        <h5 class=\"privacy-policy-h2\">\n            Beschwerde-\/Datenschutzbeauftragter:\n        <\/h5>\n        <p class=\"privacy-policy-p\">\n            Wenn Sie Fragen oder Bedenken haben bez\u00fcglich der\n            Verarbeitung Ihrer bei uns vorhandenen Informationen\n            haben, k\u00f6nnen Sie sich per E-Mail an unseren Grievance Officer wenden\n            Guangzhou Ruida Packing Machinery Co., Ltd,\n            Building D, No. 226, Beishan Qiaotou Street, Haizhu District, Guangzhou City, Guangdong Province, China,\n            E-Mail: ceo@ruidapacking.com.\n            Wir werden Ihr Anliegen in \u00dcbereinstimmung mit dem geltenden Recht behandeln.\n        <\/p>\n    <\/li>\n<\/ol>\n<br><br><br><br><br>\n\n\n\t\t\t\t\t\t\t\t<\/div>\n\t\t\t\t<\/div>\n\t\t\t\t\t<\/div>\n\t\t\t\t<\/div>\n\t\t\t\t<\/div>","protected":false},"excerpt":{"rendered":"<p>Last Updated On 25-Sep-2025 Effective Date 25-Sep-2025 This Privacy Policy describes the policies of Guangzhou Ruida Packing Machinery Co., Ltd., Building D, No. 226, Beishan Qiaotou Street, Haizhu District, Guangzhou City, Guangdong Province, China, email: ceo@ruidapacking.com, phone: +86 15817128250 on the collection, use and disclosure of your information that we collect when you use our [&hellip;]<\/p>","protected":false},"author":4,"featured_media":0,"parent":0,"menu_order":0,"comment_status":"closed","ping_status":"closed","template":"","meta":{"_sitemap_exclude":false,"_sitemap_priority":"","_sitemap_frequency":"","footnotes":""},"class_list":["post-15034","page","type-page","status-publish","hentry"],"acf":[],"_links":{"self":[{"href":"https:\/\/ruidapacking.com\/de\/wp-json\/wp\/v2\/pages\/15034","targetHints":{"allow":["GET"]}}],"collection":[{"href":"https:\/\/ruidapacking.com\/de\/wp-json\/wp\/v2\/pages"}],"about":[{"href":"https:\/\/ruidapacking.com\/de\/wp-json\/wp\/v2\/types\/page"}],"author":[{"embeddable":true,"href":"https:\/\/ruidapacking.com\/de\/wp-json\/wp\/v2\/users\/4"}],"replies":[{"embeddable":true,"href":"https:\/\/ruidapacking.com\/de\/wp-json\/wp\/v2\/comments?post=15034"}],"version-history":[{"count":0,"href":"https:\/\/ruidapacking.com\/de\/wp-json\/wp\/v2\/pages\/15034\/revisions"}],"wp:attachment":[{"href":"https:\/\/ruidapacking.com\/de\/wp-json\/wp\/v2\/media?parent=15034"}],"curies":[{"name":"wp","href":"https:\/\/api.w.org\/{rel}","templated":true}]}}